{"id":179,"date":"2023-01-20T15:27:25","date_gmt":"2023-01-20T14:27:25","guid":{"rendered":"http:\/\/92.112.180.172:8000\/?post_type=product&#038;p=179"},"modified":"2026-05-08T11:51:31","modified_gmt":"2026-05-08T10:51:31","slug":"savon-bio-illuminateur","status":"publish","type":"product","link":"https:\/\/biosuzcosmetics.shop\/?product=savon-bio-illuminateur","title":{"rendered":"BIO ILLUMINATEUR"},"content":{"rendered":"<p><strong>Savon Bio-Illuminateur \u2013 \u00c9clat &amp; Unification<\/strong><\/p>\n<p>Aux extraits v\u00e9g\u00e9taux r\u00e9v\u00e9lateurs d\u2019\u00e9clat.<br \/>\nSaponifi\u00e9 \u00e0 froid \u2013 Surgraiss\u00e9 \u00e0 l\u2019huile de busserol\u2013 Fait main<\/p>\n<p><strong>Sans parfum et sans colorant <\/strong><br \/>\n\u2014\u2014\u2014\u2014\u2014\u2014\u2014\u2014\u2014\u2014\u2014\u2014\u2014\u2014\u2014\u2014-<br \/>\nRedonnez vie \u00e0 votre peau gr\u00e2ce \u00e0 ce savon doux et naturel, enrichi en extraits v\u00e9g\u00e9taux soigneusement s\u00e9lectionn\u00e9s pour leurs propri\u00e9t\u00e9s \u00e9clatantes , purifiantes et r\u00e9g\u00e9n\u00e9rantes.<br \/>\nNettoie en douceur, aide \u00e0 uniformiser le teint et r\u00e9v\u00e8le l\u2019\u00e9clat naturel de la peau.<br \/>\nFormul\u00e9 selon la m\u00e9thode artisanale de saponification \u00e0 froid et surgraiss\u00e9 avec une huile rare reconnue pour ses vertus unifiantes.<\/p>\n<p>Convient \u00e0 tous types de peau, m\u00eame ternes ou sujettes aux taches.<\/p>\n<p><strong>INCI<\/strong> : Sodium Palmate, Sodium Palm Kernelate, Sodium Shea Butterate, Aqua, Glycerin, Vegetable Extracts, Arctostaphylos Uva Ursi Leaf Oil, Tocopherol.<br \/>\n\u2014\u2014\u2014\u2014\u2014\u2014\u2014\u2014\u2014\u2014\u2014\u2014\u2014\u2014\u2014\u2014\u2014\u2014\u2014<br \/>\n<strong>Poids<\/strong> 130g<\/p>\n<p><strong>Exp<\/strong>: 06\/2027<\/p>\n","protected":false},"excerpt":{"rendered":"<p>Redonnez vie \u00e0 votre peau gr\u00e2ce \u00e0 ce savon doux et naturel, enrichi en extraits v\u00e9g\u00e9taux soigneusement s\u00e9lectionn\u00e9s pour leurs propri\u00e9t\u00e9s \u00e9clatantes , purifiantes et r\u00e9g\u00e9n\u00e9rantes.<\/p>\n","protected":false},"featured_media":854,"comment_status":"open","ping_status":"closed","template":"","meta":[],"product_brand":[],"product_cat":[19,23],"product_tag":[],"class_list":{"0":"post-179","1":"product","2":"type-product","3":"status-publish","4":"has-post-thumbnail","6":"product_cat-produits","7":"product_cat-savons","9":"first","10":"instock","11":"shipping-taxable","12":"purchasable","13":"product-type-simple"},"jetpack-related-posts":[{"id":656,"url":"https:\/\/biosuzcosmetics.shop\/?product=savon-detox","url_meta":{"origin":179,"position":0},"title":"BIODETOX","author":"@dm1n","date":"mars 26, 2025","format":false,"excerpt":"Ce savon artisanal naturel surgraiss\u00e9 d\u00e9toxifie et nettoie en profondeur. Il exfolie et purifie votre peau. Il a une action b\u00e9n\u00e9fique sur l'acn\u00e9. Il est sans parfum et convient aux peaux sensibles.","rel":"","context":"Article similaire","block_context":{"text":"Article similaire","link":""},"img":{"alt_text":"","src":"https:\/\/i0.wp.com\/biosuzcosmetics.shop\/wp-content\/uploads\/2025\/03\/1755951634.png?resize=350%2C200&ssl=1","width":350,"height":200,"srcset":"https:\/\/i0.wp.com\/biosuzcosmetics.shop\/wp-content\/uploads\/2025\/03\/1755951634.png?resize=350%2C200&ssl=1 1x, https:\/\/i0.wp.com\/biosuzcosmetics.shop\/wp-content\/uploads\/2025\/03\/1755951634.png?resize=525%2C300&ssl=1 1.5x, https:\/\/i0.wp.com\/biosuzcosmetics.shop\/wp-content\/uploads\/2025\/03\/1755951634.png?resize=700%2C400&ssl=1 2x"},"classes":[]},{"id":178,"url":"https:\/\/biosuzcosmetics.shop\/?product=savon-biose","url_meta":{"origin":179,"position":1},"title":"BIOSE","author":"@dm1n","date":"janvier 20, 2023","format":false,"excerpt":"Ce savon\u00a0 aide \u00e0 soulager et traiter efficacement : dartres,teigne, d\u00e9mangeaisons,bourbouilles et les petites infections cutan\u00e9es.","rel":"","context":"Article similaire","block_context":{"text":"Article similaire","link":""},"img":{"alt_text":"","src":"https:\/\/i0.wp.com\/biosuzcosmetics.shop\/wp-content\/uploads\/2025\/03\/1755967559.png?resize=350%2C200&ssl=1","width":350,"height":200,"srcset":"https:\/\/i0.wp.com\/biosuzcosmetics.shop\/wp-content\/uploads\/2025\/03\/1755967559.png?resize=350%2C200&ssl=1 1x, https:\/\/i0.wp.com\/biosuzcosmetics.shop\/wp-content\/uploads\/2025\/03\/1755967559.png?resize=525%2C300&ssl=1 1.5x, https:\/\/i0.wp.com\/biosuzcosmetics.shop\/wp-content\/uploads\/2025\/03\/1755967559.png?resize=700%2C400&ssl=1 2x"},"classes":[]},{"id":177,"url":"https:\/\/biosuzcosmetics.shop\/?product=savon-bio-traitant","url_meta":{"origin":179,"position":2},"title":"BIOGAN","author":"@dm1n","date":"janvier 20, 2023","format":false,"excerpt":"Savon R\u00e9parateur pour peaux ab\u00eem\u00e9es et d\u00e9pigment\u00e9es","rel":"","context":"Article similaire","block_context":{"text":"Article similaire","link":""},"img":{"alt_text":"","src":"https:\/\/i0.wp.com\/biosuzcosmetics.shop\/wp-content\/uploads\/2025\/03\/1755947844.png?resize=350%2C200&ssl=1","width":350,"height":200,"srcset":"https:\/\/i0.wp.com\/biosuzcosmetics.shop\/wp-content\/uploads\/2025\/03\/1755947844.png?resize=350%2C200&ssl=1 1x, https:\/\/i0.wp.com\/biosuzcosmetics.shop\/wp-content\/uploads\/2025\/03\/1755947844.png?resize=525%2C300&ssl=1 1.5x, https:\/\/i0.wp.com\/biosuzcosmetics.shop\/wp-content\/uploads\/2025\/03\/1755947844.png?resize=700%2C400&ssl=1 2x"},"classes":[]},{"id":183,"url":"https:\/\/biosuzcosmetics.shop\/?product=creme-biodra","url_meta":{"origin":179,"position":3},"title":"BIODRA","author":"@dm1n","date":"janvier 20, 2023","format":false,"excerpt":"Cette cr\u00e8me offre \u00e0 votre peau une source continue d\u2019hydratation et de confort. Utilis\u00e9e matin et soir, BIODRA r\u00e9hydrate intens\u00e9ment, apaise durablement et r\u00e9v\u00e8le une peau souple, douce et \u00e9clatante. Sa texture l\u00e9g\u00e8re p\u00e9n\u00e8tre facilement, sans laisser de film gras, pour un soin quotidien complet du visage et du corps.","rel":"","context":"Article similaire","block_context":{"text":"Article similaire","link":""},"img":{"alt_text":"","src":"https:\/\/i0.wp.com\/biosuzcosmetics.shop\/wp-content\/uploads\/2025\/03\/1755955652.png?resize=350%2C200&ssl=1","width":350,"height":200,"srcset":"https:\/\/i0.wp.com\/biosuzcosmetics.shop\/wp-content\/uploads\/2025\/03\/1755955652.png?resize=350%2C200&ssl=1 1x, https:\/\/i0.wp.com\/biosuzcosmetics.shop\/wp-content\/uploads\/2025\/03\/1755955652.png?resize=525%2C300&ssl=1 1.5x, https:\/\/i0.wp.com\/biosuzcosmetics.shop\/wp-content\/uploads\/2025\/03\/1755955652.png?resize=700%2C400&ssl=1 2x, https:\/\/i0.wp.com\/biosuzcosmetics.shop\/wp-content\/uploads\/2025\/03\/1755955652.png?resize=1050%2C600&ssl=1 3x"},"classes":[]},{"id":213,"url":"https:\/\/biosuzcosmetics.shop\/?product=formation-en-saponification","url_meta":{"origin":179,"position":4},"title":"Formation en saponification","author":"@dm1n","date":"janvier 18, 2024","format":false,"excerpt":"La formation en savonnerie co\u00fbte 80.000F en ligne et 100.000F en pr\u00e9sentiel. Vous apprendrez tous les types de savons. Vous apprendrez \u00e0 formuler vos savons vous m\u00eame. Vous apprendrez les m\u00e9thodes de calculs des grandes marques de savonnerie Vous aurez \u00e9galement un livre \u00e9crit par nous contenant de nombreuses recettes,\u2026","rel":"","context":"Article similaire","block_context":{"text":"Article similaire","link":""},"img":{"alt_text":"","src":"https:\/\/i0.wp.com\/biosuzcosmetics.shop\/wp-content\/uploads\/2024\/01\/1.jpg?resize=350%2C200&ssl=1","width":350,"height":200,"srcset":"https:\/\/i0.wp.com\/biosuzcosmetics.shop\/wp-content\/uploads\/2024\/01\/1.jpg?resize=350%2C200&ssl=1 1x, https:\/\/i0.wp.com\/biosuzcosmetics.shop\/wp-content\/uploads\/2024\/01\/1.jpg?resize=525%2C300&ssl=1 1.5x, https:\/\/i0.wp.com\/biosuzcosmetics.shop\/wp-content\/uploads\/2024\/01\/1.jpg?resize=700%2C400&ssl=1 2x"},"classes":[]},{"id":182,"url":"https:\/\/biosuzcosmetics.shop\/?product=savon-noir-traitant","url_meta":{"origin":179,"position":5},"title":"MBANDU","author":"@dm1n","date":"janvier 20, 2023","format":false,"excerpt":"Gr\u00e2ce \u00e0 ses compos\u00e9s naturels, ce savon\u00a0traite efficacement les affections comme l'acn\u00e9, l'ecz\u00e9ma ou les dermatites. Ce savon est id\u00e9al pour nettoyer en profondeur, uniformiser le teint et am\u00e9liorer l'apparence g\u00e9n\u00e9rale de la peau. \u00a0","rel":"","context":"Article similaire","block_context":{"text":"Article similaire","link":""},"img":{"alt_text":"","src":"https:\/\/i0.wp.com\/biosuzcosmetics.shop\/wp-content\/uploads\/2023\/01\/1768303287.png?resize=350%2C200&ssl=1","width":350,"height":200,"srcset":"https:\/\/i0.wp.com\/biosuzcosmetics.shop\/wp-content\/uploads\/2023\/01\/1768303287.png?resize=350%2C200&ssl=1 1x, https:\/\/i0.wp.com\/biosuzcosmetics.shop\/wp-content\/uploads\/2023\/01\/1768303287.png?resize=525%2C300&ssl=1 1.5x, https:\/\/i0.wp.com\/biosuzcosmetics.shop\/wp-content\/uploads\/2023\/01\/1768303287.png?resize=700%2C400&ssl=1 2x"},"classes":[]}],"jetpack_sharing_enabled":true,"_links":{"self":[{"href":"https:\/\/biosuzcosmetics.shop\/index.php?rest_route=\/wp\/v2\/product\/179","targetHints":{"allow":["GET"]}}],"collection":[{"href":"https:\/\/biosuzcosmetics.shop\/index.php?rest_route=\/wp\/v2\/product"}],"about":[{"href":"https:\/\/biosuzcosmetics.shop\/index.php?rest_route=\/wp\/v2\/types\/product"}],"replies":[{"embeddable":true,"href":"https:\/\/biosuzcosmetics.shop\/index.php?rest_route=%2Fwp%2Fv2%2Fcomments&post=179"}],"wp:featuredmedia":[{"embeddable":true,"href":"https:\/\/biosuzcosmetics.shop\/index.php?rest_route=\/wp\/v2\/media\/854"}],"wp:attachment":[{"href":"https:\/\/biosuzcosmetics.shop\/index.php?rest_route=%2Fwp%2Fv2%2Fmedia&parent=179"}],"wp:term":[{"taxonomy":"product_brand","embeddable":true,"href":"https:\/\/biosuzcosmetics.shop\/index.php?rest_route=%2Fwp%2Fv2%2Fproduct_brand&post=179"},{"taxonomy":"product_cat","embeddable":true,"href":"https:\/\/biosuzcosmetics.shop\/index.php?rest_route=%2Fwp%2Fv2%2Fproduct_cat&post=179"},{"taxonomy":"product_tag","embeddable":true,"href":"https:\/\/biosuzcosmetics.shop\/index.php?rest_route=%2Fwp%2Fv2%2Fproduct_tag&post=179"}],"curies":[{"name":"wp","href":"https:\/\/api.w.org\/{rel}","templated":true}]}}