{"id":182,"date":"2023-01-20T15:48:43","date_gmt":"2023-01-20T14:48:43","guid":{"rendered":"http:\/\/92.112.180.172:8000\/?post_type=product&#038;p=182"},"modified":"2026-02-02T10:23:57","modified_gmt":"2026-02-02T09:23:57","slug":"savon-noir-traitant","status":"publish","type":"product","link":"https:\/\/biosuzcosmetics.shop\/?product=savon-noir-traitant","title":{"rendered":"MBANDU"},"content":{"rendered":"<p>Notre savon noir au <strong>neem<\/strong>, au <strong>curcuma<\/strong> et au <strong>soufre<\/strong> est un soin polyvalent sp\u00e9cialement con\u00e7u pour purifier et revitaliser la peau gr\u00e2ce \u00e0 ses propri\u00e9t\u00e9s antibact\u00e9riennes, antifongiques et anti-inflammatoires. Il donne de l&rsquo;\u00e9clat au teint, att\u00e9nue les taches sombres et prot\u00e8ge la peau contre les agressions ext\u00e9rieures tout en r\u00e9gulant la production de s\u00e9bum. Il traite efficacement les affections comme l&rsquo;acn\u00e9, l&rsquo;ecz\u00e9ma ou les dermatites. Ce savon est id\u00e9al pour nettoyer en profondeur, uniformiser le teint et am\u00e9liorer l&rsquo;apparence g\u00e9n\u00e9rale de la peau.<\/p>\n<p>Type de peau : tous types de peaux<\/p>\n<p><strong>Utilisation<\/strong> : A utiliser matin et soir de fa\u00e7on quotidienne sur le corps et le visage.<\/p>\n<p><strong>Poids<\/strong>: 350g<\/p>\n","protected":false},"excerpt":{"rendered":"<p>Gr\u00e2ce \u00e0 ses compos\u00e9s naturels, ce savon\u00a0traite efficacement les affections comme l&rsquo;acn\u00e9, l&rsquo;ecz\u00e9ma ou les dermatites. Ce savon est id\u00e9al pour nettoyer en profondeur, uniformiser le teint et am\u00e9liorer l&rsquo;apparence g\u00e9n\u00e9rale de la peau.<\/p>\n<p>&nbsp;<\/p>\n","protected":false},"featured_media":1071,"comment_status":"open","ping_status":"closed","template":"","meta":[],"product_brand":[],"product_cat":[19,23],"product_tag":[],"class_list":{"0":"post-182","1":"product","2":"type-product","3":"status-publish","4":"has-post-thumbnail","6":"product_cat-produits","7":"product_cat-savons","9":"first","10":"instock","11":"shipping-taxable","12":"purchasable","13":"product-type-simple"},"jetpack-related-posts":[{"id":656,"url":"https:\/\/biosuzcosmetics.shop\/?product=savon-detox","url_meta":{"origin":182,"position":0},"title":"BIODETOX","author":"@dm1n","date":"mars 26, 2025","format":false,"excerpt":"Ce savon artisanal naturel surgraiss\u00e9 d\u00e9toxifie et nettoie en profondeur. Il exfolie et purifie votre peau. Il a une action b\u00e9n\u00e9fique sur l'acn\u00e9. Il est sans parfum et convient aux peaux sensibles.","rel":"","context":"Article similaire","block_context":{"text":"Article similaire","link":""},"img":{"alt_text":"","src":"https:\/\/i0.wp.com\/biosuzcosmetics.shop\/wp-content\/uploads\/2025\/03\/1755951634.png?resize=350%2C200&ssl=1","width":350,"height":200,"srcset":"https:\/\/i0.wp.com\/biosuzcosmetics.shop\/wp-content\/uploads\/2025\/03\/1755951634.png?resize=350%2C200&ssl=1 1x, https:\/\/i0.wp.com\/biosuzcosmetics.shop\/wp-content\/uploads\/2025\/03\/1755951634.png?resize=525%2C300&ssl=1 1.5x, https:\/\/i0.wp.com\/biosuzcosmetics.shop\/wp-content\/uploads\/2025\/03\/1755951634.png?resize=700%2C400&ssl=1 2x"},"classes":[]},{"id":179,"url":"https:\/\/biosuzcosmetics.shop\/?product=savon-bio-illuminateur","url_meta":{"origin":182,"position":1},"title":"BIO ILLUMINATEUR","author":"@dm1n","date":"janvier 20, 2023","format":false,"excerpt":"Redonnez vie \u00e0 votre peau gr\u00e2ce \u00e0 ce savon doux et naturel, enrichi en extraits v\u00e9g\u00e9taux soigneusement s\u00e9lectionn\u00e9s pour leurs propri\u00e9t\u00e9s \u00e9clatantes , purifiantes et r\u00e9g\u00e9n\u00e9rantes.","rel":"","context":"Article similaire","block_context":{"text":"Article similaire","link":""},"img":{"alt_text":"","src":"https:\/\/i0.wp.com\/biosuzcosmetics.shop\/wp-content\/uploads\/2025\/03\/1755941555.png?resize=350%2C200&ssl=1","width":350,"height":200,"srcset":"https:\/\/i0.wp.com\/biosuzcosmetics.shop\/wp-content\/uploads\/2025\/03\/1755941555.png?resize=350%2C200&ssl=1 1x, https:\/\/i0.wp.com\/biosuzcosmetics.shop\/wp-content\/uploads\/2025\/03\/1755941555.png?resize=525%2C300&ssl=1 1.5x, https:\/\/i0.wp.com\/biosuzcosmetics.shop\/wp-content\/uploads\/2025\/03\/1755941555.png?resize=700%2C400&ssl=1 2x, https:\/\/i0.wp.com\/biosuzcosmetics.shop\/wp-content\/uploads\/2025\/03\/1755941555.png?resize=1050%2C600&ssl=1 3x"},"classes":[]},{"id":177,"url":"https:\/\/biosuzcosmetics.shop\/?product=savon-bio-traitant","url_meta":{"origin":182,"position":2},"title":"BIOGAN","author":"@dm1n","date":"janvier 20, 2023","format":false,"excerpt":"Savon R\u00e9parateur pour peaux ab\u00eem\u00e9es et d\u00e9pigment\u00e9es","rel":"","context":"Article similaire","block_context":{"text":"Article similaire","link":""},"img":{"alt_text":"","src":"https:\/\/i0.wp.com\/biosuzcosmetics.shop\/wp-content\/uploads\/2025\/03\/1755947844.png?resize=350%2C200&ssl=1","width":350,"height":200,"srcset":"https:\/\/i0.wp.com\/biosuzcosmetics.shop\/wp-content\/uploads\/2025\/03\/1755947844.png?resize=350%2C200&ssl=1 1x, https:\/\/i0.wp.com\/biosuzcosmetics.shop\/wp-content\/uploads\/2025\/03\/1755947844.png?resize=525%2C300&ssl=1 1.5x, https:\/\/i0.wp.com\/biosuzcosmetics.shop\/wp-content\/uploads\/2025\/03\/1755947844.png?resize=700%2C400&ssl=1 2x"},"classes":[]},{"id":149,"url":"https:\/\/biosuzcosmetics.shop\/?product=huile-biose","url_meta":{"origin":182,"position":3},"title":"BIOSE (Huile)","author":"@dm1n","date":"janvier 20, 2023","format":false,"excerpt":"L\u2019huile traitante aux plantes m\u00e9dicinales africaines","rel":"","context":"Article similaire","block_context":{"text":"Article similaire","link":""},"img":{"alt_text":"","src":"https:\/\/i0.wp.com\/biosuzcosmetics.shop\/wp-content\/uploads\/2025\/03\/1755957240.png?resize=350%2C200&ssl=1","width":350,"height":200,"srcset":"https:\/\/i0.wp.com\/biosuzcosmetics.shop\/wp-content\/uploads\/2025\/03\/1755957240.png?resize=350%2C200&ssl=1 1x, https:\/\/i0.wp.com\/biosuzcosmetics.shop\/wp-content\/uploads\/2025\/03\/1755957240.png?resize=525%2C300&ssl=1 1.5x, https:\/\/i0.wp.com\/biosuzcosmetics.shop\/wp-content\/uploads\/2025\/03\/1755957240.png?resize=700%2C400&ssl=1 2x"},"classes":[]},{"id":178,"url":"https:\/\/biosuzcosmetics.shop\/?product=savon-biose","url_meta":{"origin":182,"position":4},"title":"BIOSE","author":"@dm1n","date":"janvier 20, 2023","format":false,"excerpt":"Ce savon\u00a0 aide \u00e0 soulager et traiter efficacement : dartres,teigne, d\u00e9mangeaisons,bourbouilles et les petites infections cutan\u00e9es.","rel":"","context":"Article similaire","block_context":{"text":"Article similaire","link":""},"img":{"alt_text":"","src":"https:\/\/i0.wp.com\/biosuzcosmetics.shop\/wp-content\/uploads\/2025\/03\/1755967559.png?resize=350%2C200&ssl=1","width":350,"height":200,"srcset":"https:\/\/i0.wp.com\/biosuzcosmetics.shop\/wp-content\/uploads\/2025\/03\/1755967559.png?resize=350%2C200&ssl=1 1x, https:\/\/i0.wp.com\/biosuzcosmetics.shop\/wp-content\/uploads\/2025\/03\/1755967559.png?resize=525%2C300&ssl=1 1.5x, https:\/\/i0.wp.com\/biosuzcosmetics.shop\/wp-content\/uploads\/2025\/03\/1755967559.png?resize=700%2C400&ssl=1 2x"},"classes":[]},{"id":677,"url":"https:\/\/biosuzcosmetics.shop\/?product=gommage-detoxifiant","url_meta":{"origin":182,"position":5},"title":"Gommage d\u00e9toxifiant","author":"@dm1n","date":"mars 28, 2025","format":false,"excerpt":"Ce gommage au charbon et \u00e0 la citronnelle d\u00e9toxifie, purifie, exfolie et revitalise la peau, tout en r\u00e9duisant les imperfections et en apportant une sensation de fra\u00eecheur. Il est id\u00e9al pour les peaux mixtes \u00e0 grasses, sujettes aux imperfections, mais convient \u00e9galement \u00e0 tous les types de peau en qu\u00eate\u2026","rel":"","context":"Article similaire","block_context":{"text":"Article similaire","link":""},"img":{"alt_text":"","src":"https:\/\/i0.wp.com\/biosuzcosmetics.shop\/wp-content\/uploads\/2025\/03\/1755932094.png?resize=350%2C200&ssl=1","width":350,"height":200,"srcset":"https:\/\/i0.wp.com\/biosuzcosmetics.shop\/wp-content\/uploads\/2025\/03\/1755932094.png?resize=350%2C200&ssl=1 1x, https:\/\/i0.wp.com\/biosuzcosmetics.shop\/wp-content\/uploads\/2025\/03\/1755932094.png?resize=525%2C300&ssl=1 1.5x, https:\/\/i0.wp.com\/biosuzcosmetics.shop\/wp-content\/uploads\/2025\/03\/1755932094.png?resize=700%2C400&ssl=1 2x"},"classes":[]}],"jetpack_sharing_enabled":true,"_links":{"self":[{"href":"https:\/\/biosuzcosmetics.shop\/index.php?rest_route=\/wp\/v2\/product\/182","targetHints":{"allow":["GET"]}}],"collection":[{"href":"https:\/\/biosuzcosmetics.shop\/index.php?rest_route=\/wp\/v2\/product"}],"about":[{"href":"https:\/\/biosuzcosmetics.shop\/index.php?rest_route=\/wp\/v2\/types\/product"}],"replies":[{"embeddable":true,"href":"https:\/\/biosuzcosmetics.shop\/index.php?rest_route=%2Fwp%2Fv2%2Fcomments&post=182"}],"wp:featuredmedia":[{"embeddable":true,"href":"https:\/\/biosuzcosmetics.shop\/index.php?rest_route=\/wp\/v2\/media\/1071"}],"wp:attachment":[{"href":"https:\/\/biosuzcosmetics.shop\/index.php?rest_route=%2Fwp%2Fv2%2Fmedia&parent=182"}],"wp:term":[{"taxonomy":"product_brand","embeddable":true,"href":"https:\/\/biosuzcosmetics.shop\/index.php?rest_route=%2Fwp%2Fv2%2Fproduct_brand&post=182"},{"taxonomy":"product_cat","embeddable":true,"href":"https:\/\/biosuzcosmetics.shop\/index.php?rest_route=%2Fwp%2Fv2%2Fproduct_cat&post=182"},{"taxonomy":"product_tag","embeddable":true,"href":"https:\/\/biosuzcosmetics.shop\/index.php?rest_route=%2Fwp%2Fv2%2Fproduct_tag&post=182"}],"curies":[{"name":"wp","href":"https:\/\/api.w.org\/{rel}","templated":true}]}}