{"id":213,"date":"2024-01-18T17:02:09","date_gmt":"2024-01-18T16:02:09","guid":{"rendered":"http:\/\/92.112.180.172:8000\/?post_type=product&#038;p=213"},"modified":"2026-05-08T12:19:59","modified_gmt":"2026-05-08T11:19:59","slug":"formation-en-saponification","status":"publish","type":"product","link":"https:\/\/biosuzcosmetics.shop\/?product=formation-en-saponification","title":{"rendered":"Formation en saponification"},"content":{"rendered":"<div class=\"xdj266r x11i5rnm xat24cr x1mh8g0r x1vvkbs x126k92a\">\n<div dir=\"auto\">Notre prochaine formation en saponification \u00e0 froid en pr\u00e9sentiel et en ligne d\u00e9bute le 15 F\u00e9vrier 2024.<\/div>\n<\/div>\n<div class=\"x11i5rnm xat24cr x1mh8g0r x1vvkbs xtlvy1s x126k92a\">\n<div dir=\"auto\">La formation sera 100% th\u00e9orie et 100% pratique.<\/div>\n<\/div>\n<div class=\"x11i5rnm xat24cr x1mh8g0r x1vvkbs xtlvy1s x126k92a\">\n<div dir=\"auto\">A la fin de la formation, vous serez capable de formuler et fabriquer n&rsquo;importe quel savon issu de votre imagination, avec tous les ajouts possibles ( lait, fruits, l\u00e9gumes, pur\u00e9e, plantes, bi\u00e8re, miel et bien plus encore.)<\/div>\n<\/div>\n<div class=\"x11i5rnm xat24cr x1mh8g0r x1vvkbs xtlvy1s x126k92a\">\n<div dir=\"auto\">Les inscriptions ont d\u00e9j\u00e0 commenc\u00e9 au + 229 60 66 81 87 ( appel et WhatsApp disponibles pour plus d&rsquo;information ).<\/div>\n<\/div>\n","protected":false},"excerpt":{"rendered":"<p>La formation en savonnerie co\u00fbte <strong>80.000F<\/strong> en ligne et <strong>100.000F<\/strong> en pr\u00e9sentiel.<br \/>\nVous apprendrez tous les types de savons. Vous apprendrez \u00e0 formuler vos savons vous m\u00eame. Vous apprendrez les m\u00e9thodes de calculs des grandes marques de savonnerie<br \/>\nVous aurez \u00e9galement un livre \u00e9crit par nous contenant de nombreuses recettes, des exercices corrig\u00e9s et des formules.<\/p>\n","protected":false},"featured_media":475,"comment_status":"open","ping_status":"closed","template":"","meta":[],"product_brand":[],"product_cat":[15],"product_tag":[54],"class_list":{"0":"post-213","1":"product","2":"type-product","3":"status-publish","4":"has-post-thumbnail","6":"product_cat-uncategorized","7":"product_tag-formation","9":"first","10":"instock","11":"virtual","12":"purchasable","13":"product-type-simple"},"jetpack-related-posts":[{"id":238,"url":"https:\/\/biosuzcosmetics.shop\/?product=formation-en-cosmetique-generale","url_meta":{"origin":213,"position":0},"title":"Formation en cosm\u00e9tique g\u00e9n\u00e9rale","author":"@dm1n","date":"f\u00e9vrier 21, 2024","format":false,"excerpt":"Nous offrons une formation en cosm\u00e9tique g\u00e9n\u00e9rale de mani\u00e8re continu en ligne \u00e0 300.000 FCFA. La formation en pr\u00e9sentiel coute 250.000F Vous apprendrez \u00e0 fabriquer vous-m\u00eame tous les types de savons, laits, cr\u00e8mes, s\u00e9rum, lotions, baume, zoro, etc... Vous apprendrez \u00e0 formuler vos produits cosm\u00e9tiques vous-m\u00eame. Vous apprendrez les m\u00e9thodes\u2026","rel":"","context":"Article similaire","block_context":{"text":"Article similaire","link":""},"img":{"alt_text":"","src":"https:\/\/i0.wp.com\/biosuzcosmetics.shop\/wp-content\/uploads\/2024\/02\/2.jpg?resize=350%2C200&ssl=1","width":350,"height":200,"srcset":"https:\/\/i0.wp.com\/biosuzcosmetics.shop\/wp-content\/uploads\/2024\/02\/2.jpg?resize=350%2C200&ssl=1 1x, https:\/\/i0.wp.com\/biosuzcosmetics.shop\/wp-content\/uploads\/2024\/02\/2.jpg?resize=525%2C300&ssl=1 1.5x, https:\/\/i0.wp.com\/biosuzcosmetics.shop\/wp-content\/uploads\/2024\/02\/2.jpg?resize=700%2C400&ssl=1 2x"},"classes":[]},{"id":179,"url":"https:\/\/biosuzcosmetics.shop\/?product=savon-bio-illuminateur","url_meta":{"origin":213,"position":1},"title":"BIO ILLUMINATEUR","author":"@dm1n","date":"janvier 20, 2023","format":false,"excerpt":"Redonnez vie \u00e0 votre peau gr\u00e2ce \u00e0 ce savon doux et naturel, enrichi en extraits v\u00e9g\u00e9taux soigneusement s\u00e9lectionn\u00e9s pour leurs propri\u00e9t\u00e9s \u00e9clatantes , purifiantes et r\u00e9g\u00e9n\u00e9rantes.","rel":"","context":"Article similaire","block_context":{"text":"Article similaire","link":""},"img":{"alt_text":"","src":"https:\/\/i0.wp.com\/biosuzcosmetics.shop\/wp-content\/uploads\/2025\/03\/1755941555.png?resize=350%2C200&ssl=1","width":350,"height":200,"srcset":"https:\/\/i0.wp.com\/biosuzcosmetics.shop\/wp-content\/uploads\/2025\/03\/1755941555.png?resize=350%2C200&ssl=1 1x, https:\/\/i0.wp.com\/biosuzcosmetics.shop\/wp-content\/uploads\/2025\/03\/1755941555.png?resize=525%2C300&ssl=1 1.5x, https:\/\/i0.wp.com\/biosuzcosmetics.shop\/wp-content\/uploads\/2025\/03\/1755941555.png?resize=700%2C400&ssl=1 2x, https:\/\/i0.wp.com\/biosuzcosmetics.shop\/wp-content\/uploads\/2025\/03\/1755941555.png?resize=1050%2C600&ssl=1 3x"},"classes":[]},{"id":178,"url":"https:\/\/biosuzcosmetics.shop\/?product=savon-biose","url_meta":{"origin":213,"position":2},"title":"BIOSE","author":"@dm1n","date":"janvier 20, 2023","format":false,"excerpt":"Ce savon\u00a0 aide \u00e0 soulager et traiter efficacement : dartres,teigne, d\u00e9mangeaisons,bourbouilles et les petites infections cutan\u00e9es.","rel":"","context":"Article similaire","block_context":{"text":"Article similaire","link":""},"img":{"alt_text":"","src":"https:\/\/i0.wp.com\/biosuzcosmetics.shop\/wp-content\/uploads\/2025\/03\/1755967559.png?resize=350%2C200&ssl=1","width":350,"height":200,"srcset":"https:\/\/i0.wp.com\/biosuzcosmetics.shop\/wp-content\/uploads\/2025\/03\/1755967559.png?resize=350%2C200&ssl=1 1x, https:\/\/i0.wp.com\/biosuzcosmetics.shop\/wp-content\/uploads\/2025\/03\/1755967559.png?resize=525%2C300&ssl=1 1.5x, https:\/\/i0.wp.com\/biosuzcosmetics.shop\/wp-content\/uploads\/2025\/03\/1755967559.png?resize=700%2C400&ssl=1 2x"},"classes":[]},{"id":656,"url":"https:\/\/biosuzcosmetics.shop\/?product=savon-detox","url_meta":{"origin":213,"position":3},"title":"BIODETOX","author":"@dm1n","date":"mars 26, 2025","format":false,"excerpt":"Ce savon artisanal naturel surgraiss\u00e9 d\u00e9toxifie et nettoie en profondeur. Il exfolie et purifie votre peau. Il a une action b\u00e9n\u00e9fique sur l'acn\u00e9. Il est sans parfum et convient aux peaux sensibles.","rel":"","context":"Article similaire","block_context":{"text":"Article similaire","link":""},"img":{"alt_text":"","src":"https:\/\/i0.wp.com\/biosuzcosmetics.shop\/wp-content\/uploads\/2025\/03\/1755951634.png?resize=350%2C200&ssl=1","width":350,"height":200,"srcset":"https:\/\/i0.wp.com\/biosuzcosmetics.shop\/wp-content\/uploads\/2025\/03\/1755951634.png?resize=350%2C200&ssl=1 1x, https:\/\/i0.wp.com\/biosuzcosmetics.shop\/wp-content\/uploads\/2025\/03\/1755951634.png?resize=525%2C300&ssl=1 1.5x, https:\/\/i0.wp.com\/biosuzcosmetics.shop\/wp-content\/uploads\/2025\/03\/1755951634.png?resize=700%2C400&ssl=1 2x"},"classes":[]},{"id":149,"url":"https:\/\/biosuzcosmetics.shop\/?product=huile-biose","url_meta":{"origin":213,"position":4},"title":"BIOSE (Huile)","author":"@dm1n","date":"janvier 20, 2023","format":false,"excerpt":"L\u2019huile traitante aux plantes m\u00e9dicinales africaines","rel":"","context":"Article similaire","block_context":{"text":"Article similaire","link":""},"img":{"alt_text":"","src":"https:\/\/i0.wp.com\/biosuzcosmetics.shop\/wp-content\/uploads\/2025\/03\/1755957240.png?resize=350%2C200&ssl=1","width":350,"height":200,"srcset":"https:\/\/i0.wp.com\/biosuzcosmetics.shop\/wp-content\/uploads\/2025\/03\/1755957240.png?resize=350%2C200&ssl=1 1x, https:\/\/i0.wp.com\/biosuzcosmetics.shop\/wp-content\/uploads\/2025\/03\/1755957240.png?resize=525%2C300&ssl=1 1.5x, https:\/\/i0.wp.com\/biosuzcosmetics.shop\/wp-content\/uploads\/2025\/03\/1755957240.png?resize=700%2C400&ssl=1 2x"},"classes":[]},{"id":182,"url":"https:\/\/biosuzcosmetics.shop\/?product=savon-noir-traitant","url_meta":{"origin":213,"position":5},"title":"MBANDU","author":"@dm1n","date":"janvier 20, 2023","format":false,"excerpt":"Gr\u00e2ce \u00e0 ses compos\u00e9s naturels, ce savon\u00a0traite efficacement les affections comme l'acn\u00e9, l'ecz\u00e9ma ou les dermatites. Ce savon est id\u00e9al pour nettoyer en profondeur, uniformiser le teint et am\u00e9liorer l'apparence g\u00e9n\u00e9rale de la peau. \u00a0","rel":"","context":"Article similaire","block_context":{"text":"Article similaire","link":""},"img":{"alt_text":"","src":"https:\/\/i0.wp.com\/biosuzcosmetics.shop\/wp-content\/uploads\/2023\/01\/1768303287.png?resize=350%2C200&ssl=1","width":350,"height":200,"srcset":"https:\/\/i0.wp.com\/biosuzcosmetics.shop\/wp-content\/uploads\/2023\/01\/1768303287.png?resize=350%2C200&ssl=1 1x, https:\/\/i0.wp.com\/biosuzcosmetics.shop\/wp-content\/uploads\/2023\/01\/1768303287.png?resize=525%2C300&ssl=1 1.5x, https:\/\/i0.wp.com\/biosuzcosmetics.shop\/wp-content\/uploads\/2023\/01\/1768303287.png?resize=700%2C400&ssl=1 2x"},"classes":[]}],"jetpack_sharing_enabled":true,"_links":{"self":[{"href":"https:\/\/biosuzcosmetics.shop\/index.php?rest_route=\/wp\/v2\/product\/213","targetHints":{"allow":["GET"]}}],"collection":[{"href":"https:\/\/biosuzcosmetics.shop\/index.php?rest_route=\/wp\/v2\/product"}],"about":[{"href":"https:\/\/biosuzcosmetics.shop\/index.php?rest_route=\/wp\/v2\/types\/product"}],"replies":[{"embeddable":true,"href":"https:\/\/biosuzcosmetics.shop\/index.php?rest_route=%2Fwp%2Fv2%2Fcomments&post=213"}],"wp:featuredmedia":[{"embeddable":true,"href":"https:\/\/biosuzcosmetics.shop\/index.php?rest_route=\/wp\/v2\/media\/475"}],"wp:attachment":[{"href":"https:\/\/biosuzcosmetics.shop\/index.php?rest_route=%2Fwp%2Fv2%2Fmedia&parent=213"}],"wp:term":[{"taxonomy":"product_brand","embeddable":true,"href":"https:\/\/biosuzcosmetics.shop\/index.php?rest_route=%2Fwp%2Fv2%2Fproduct_brand&post=213"},{"taxonomy":"product_cat","embeddable":true,"href":"https:\/\/biosuzcosmetics.shop\/index.php?rest_route=%2Fwp%2Fv2%2Fproduct_cat&post=213"},{"taxonomy":"product_tag","embeddable":true,"href":"https:\/\/biosuzcosmetics.shop\/index.php?rest_route=%2Fwp%2Fv2%2Fproduct_tag&post=213"}],"curies":[{"name":"wp","href":"https:\/\/api.w.org\/{rel}","templated":true}]}}