{"id":679,"date":"2025-03-28T11:42:10","date_gmt":"2025-03-28T10:42:10","guid":{"rendered":"https:\/\/biosuzcosmetics.shop\/?post_type=product&#038;p=679"},"modified":"2026-05-08T12:23:40","modified_gmt":"2026-05-08T11:23:40","slug":"gommage-nourrissant","status":"publish","type":"product","link":"https:\/\/biosuzcosmetics.shop\/?product=gommage-nourrissant","title":{"rendered":"Gommage nourrissant"},"content":{"rendered":"<p>Ce gommage hydrate, exfolie, nourrit et revitalise la peau, tout en favorisant l&rsquo;\u00e9clat et la douceur du teint. La poudre de moringa et l&rsquo;aloe vera purifient la peau et lui apportent des vitamines et des antioxydants pour un teint lumineux.<\/p>\n","protected":false},"excerpt":{"rendered":"<p>Ce gommage hydrate, exfolie, nourrit et revitalise la peau, tout en favorisant l&rsquo;\u00e9clat et la douceur du teint. La poudre de moringa et l&rsquo;aloe vera purifient la peau et lui apportent des vitamines et des antioxydants pour un teint lumineux.<\/p>\n","protected":false},"featured_media":812,"comment_status":"open","ping_status":"closed","template":"","meta":[],"product_brand":[],"product_cat":[26,19],"product_tag":[46],"class_list":{"0":"post-679","1":"product","2":"type-product","3":"status-publish","4":"has-post-thumbnail","6":"product_cat-gommage","7":"product_cat-produits","8":"product_tag-gommage","10":"first","11":"instock","12":"shipping-taxable","13":"purchasable","14":"product-type-simple"},"jetpack-related-posts":[{"id":678,"url":"https:\/\/biosuzcosmetics.shop\/?product=gommage-eclat","url_meta":{"origin":679,"position":0},"title":"Gommage \u00e9clat","author":"@dm1n","date":"mars 28, 2025","format":false,"excerpt":"Ce gommage compos\u00e9 de sucre blanc, beurre de karit\u00e9, hibiscus, poudre de m\u00fbrier, exfolie la peau en \u00e9liminant les cellules mortes gr\u00e2ce au sucre tout en l\u2019hydratant et la nourrissant avec le beurre de karit\u00e9. Il unifie le teint et r\u00e9duit les taches gr\u00e2ce \u00e0 l\u2019action \u00e9claircissante de la poudre\u2026","rel":"","context":"Article similaire","block_context":{"text":"Article similaire","link":""},"img":{"alt_text":"","src":"https:\/\/i0.wp.com\/biosuzcosmetics.shop\/wp-content\/uploads\/2025\/03\/1755963250.png?resize=350%2C200&ssl=1","width":350,"height":200,"srcset":"https:\/\/i0.wp.com\/biosuzcosmetics.shop\/wp-content\/uploads\/2025\/03\/1755963250.png?resize=350%2C200&ssl=1 1x, https:\/\/i0.wp.com\/biosuzcosmetics.shop\/wp-content\/uploads\/2025\/03\/1755963250.png?resize=525%2C300&ssl=1 1.5x, https:\/\/i0.wp.com\/biosuzcosmetics.shop\/wp-content\/uploads\/2025\/03\/1755963250.png?resize=700%2C400&ssl=1 2x"},"classes":[]},{"id":677,"url":"https:\/\/biosuzcosmetics.shop\/?product=gommage-detoxifiant","url_meta":{"origin":679,"position":1},"title":"Gommage d\u00e9toxifiant","author":"@dm1n","date":"mars 28, 2025","format":false,"excerpt":"Ce gommage au charbon et \u00e0 la citronnelle d\u00e9toxifie, purifie, exfolie et revitalise la peau, tout en r\u00e9duisant les imperfections et en apportant une sensation de fra\u00eecheur. Il est id\u00e9al pour les peaux mixtes \u00e0 grasses, sujettes aux imperfections, mais convient \u00e9galement \u00e0 tous les types de peau en qu\u00eate\u2026","rel":"","context":"Article similaire","block_context":{"text":"Article similaire","link":""},"img":{"alt_text":"","src":"https:\/\/i0.wp.com\/biosuzcosmetics.shop\/wp-content\/uploads\/2025\/03\/1755932094.png?resize=350%2C200&ssl=1","width":350,"height":200,"srcset":"https:\/\/i0.wp.com\/biosuzcosmetics.shop\/wp-content\/uploads\/2025\/03\/1755932094.png?resize=350%2C200&ssl=1 1x, https:\/\/i0.wp.com\/biosuzcosmetics.shop\/wp-content\/uploads\/2025\/03\/1755932094.png?resize=525%2C300&ssl=1 1.5x, https:\/\/i0.wp.com\/biosuzcosmetics.shop\/wp-content\/uploads\/2025\/03\/1755932094.png?resize=700%2C400&ssl=1 2x"},"classes":[]},{"id":177,"url":"https:\/\/biosuzcosmetics.shop\/?product=savon-bio-traitant","url_meta":{"origin":679,"position":2},"title":"BIOGAN","author":"@dm1n","date":"janvier 20, 2023","format":false,"excerpt":"Savon R\u00e9parateur pour peaux ab\u00eem\u00e9es et d\u00e9pigment\u00e9es","rel":"","context":"Article similaire","block_context":{"text":"Article similaire","link":""},"img":{"alt_text":"","src":"https:\/\/i0.wp.com\/biosuzcosmetics.shop\/wp-content\/uploads\/2025\/03\/1755947844.png?resize=350%2C200&ssl=1","width":350,"height":200,"srcset":"https:\/\/i0.wp.com\/biosuzcosmetics.shop\/wp-content\/uploads\/2025\/03\/1755947844.png?resize=350%2C200&ssl=1 1x, https:\/\/i0.wp.com\/biosuzcosmetics.shop\/wp-content\/uploads\/2025\/03\/1755947844.png?resize=525%2C300&ssl=1 1.5x, https:\/\/i0.wp.com\/biosuzcosmetics.shop\/wp-content\/uploads\/2025\/03\/1755947844.png?resize=700%2C400&ssl=1 2x"},"classes":[]},{"id":182,"url":"https:\/\/biosuzcosmetics.shop\/?product=savon-noir-traitant","url_meta":{"origin":679,"position":3},"title":"MBANDU","author":"@dm1n","date":"janvier 20, 2023","format":false,"excerpt":"Gr\u00e2ce \u00e0 ses compos\u00e9s naturels, ce savon\u00a0traite efficacement les affections comme l'acn\u00e9, l'ecz\u00e9ma ou les dermatites. Ce savon est id\u00e9al pour nettoyer en profondeur, uniformiser le teint et am\u00e9liorer l'apparence g\u00e9n\u00e9rale de la peau. \u00a0","rel":"","context":"Article similaire","block_context":{"text":"Article similaire","link":""},"img":{"alt_text":"","src":"https:\/\/i0.wp.com\/biosuzcosmetics.shop\/wp-content\/uploads\/2023\/01\/1768303287.png?resize=350%2C200&ssl=1","width":350,"height":200,"srcset":"https:\/\/i0.wp.com\/biosuzcosmetics.shop\/wp-content\/uploads\/2023\/01\/1768303287.png?resize=350%2C200&ssl=1 1x, https:\/\/i0.wp.com\/biosuzcosmetics.shop\/wp-content\/uploads\/2023\/01\/1768303287.png?resize=525%2C300&ssl=1 1.5x, https:\/\/i0.wp.com\/biosuzcosmetics.shop\/wp-content\/uploads\/2023\/01\/1768303287.png?resize=700%2C400&ssl=1 2x"},"classes":[]},{"id":656,"url":"https:\/\/biosuzcosmetics.shop\/?product=savon-detox","url_meta":{"origin":679,"position":4},"title":"BIODETOX","author":"@dm1n","date":"mars 26, 2025","format":false,"excerpt":"Ce savon artisanal naturel surgraiss\u00e9 d\u00e9toxifie et nettoie en profondeur. Il exfolie et purifie votre peau. Il a une action b\u00e9n\u00e9fique sur l'acn\u00e9. Il est sans parfum et convient aux peaux sensibles.","rel":"","context":"Article similaire","block_context":{"text":"Article similaire","link":""},"img":{"alt_text":"","src":"https:\/\/i0.wp.com\/biosuzcosmetics.shop\/wp-content\/uploads\/2025\/03\/1755951634.png?resize=350%2C200&ssl=1","width":350,"height":200,"srcset":"https:\/\/i0.wp.com\/biosuzcosmetics.shop\/wp-content\/uploads\/2025\/03\/1755951634.png?resize=350%2C200&ssl=1 1x, https:\/\/i0.wp.com\/biosuzcosmetics.shop\/wp-content\/uploads\/2025\/03\/1755951634.png?resize=525%2C300&ssl=1 1.5x, https:\/\/i0.wp.com\/biosuzcosmetics.shop\/wp-content\/uploads\/2025\/03\/1755951634.png?resize=700%2C400&ssl=1 2x"},"classes":[]},{"id":179,"url":"https:\/\/biosuzcosmetics.shop\/?product=savon-bio-illuminateur","url_meta":{"origin":679,"position":5},"title":"BIO ILLUMINATEUR","author":"@dm1n","date":"janvier 20, 2023","format":false,"excerpt":"Redonnez vie \u00e0 votre peau gr\u00e2ce \u00e0 ce savon doux et naturel, enrichi en extraits v\u00e9g\u00e9taux soigneusement s\u00e9lectionn\u00e9s pour leurs propri\u00e9t\u00e9s \u00e9clatantes , purifiantes et r\u00e9g\u00e9n\u00e9rantes.","rel":"","context":"Article similaire","block_context":{"text":"Article similaire","link":""},"img":{"alt_text":"","src":"https:\/\/i0.wp.com\/biosuzcosmetics.shop\/wp-content\/uploads\/2025\/03\/1755941555.png?resize=350%2C200&ssl=1","width":350,"height":200,"srcset":"https:\/\/i0.wp.com\/biosuzcosmetics.shop\/wp-content\/uploads\/2025\/03\/1755941555.png?resize=350%2C200&ssl=1 1x, https:\/\/i0.wp.com\/biosuzcosmetics.shop\/wp-content\/uploads\/2025\/03\/1755941555.png?resize=525%2C300&ssl=1 1.5x, https:\/\/i0.wp.com\/biosuzcosmetics.shop\/wp-content\/uploads\/2025\/03\/1755941555.png?resize=700%2C400&ssl=1 2x, https:\/\/i0.wp.com\/biosuzcosmetics.shop\/wp-content\/uploads\/2025\/03\/1755941555.png?resize=1050%2C600&ssl=1 3x"},"classes":[]}],"jetpack_sharing_enabled":true,"_links":{"self":[{"href":"https:\/\/biosuzcosmetics.shop\/index.php?rest_route=\/wp\/v2\/product\/679","targetHints":{"allow":["GET"]}}],"collection":[{"href":"https:\/\/biosuzcosmetics.shop\/index.php?rest_route=\/wp\/v2\/product"}],"about":[{"href":"https:\/\/biosuzcosmetics.shop\/index.php?rest_route=\/wp\/v2\/types\/product"}],"replies":[{"embeddable":true,"href":"https:\/\/biosuzcosmetics.shop\/index.php?rest_route=%2Fwp%2Fv2%2Fcomments&post=679"}],"wp:featuredmedia":[{"embeddable":true,"href":"https:\/\/biosuzcosmetics.shop\/index.php?rest_route=\/wp\/v2\/media\/812"}],"wp:attachment":[{"href":"https:\/\/biosuzcosmetics.shop\/index.php?rest_route=%2Fwp%2Fv2%2Fmedia&parent=679"}],"wp:term":[{"taxonomy":"product_brand","embeddable":true,"href":"https:\/\/biosuzcosmetics.shop\/index.php?rest_route=%2Fwp%2Fv2%2Fproduct_brand&post=679"},{"taxonomy":"product_cat","embeddable":true,"href":"https:\/\/biosuzcosmetics.shop\/index.php?rest_route=%2Fwp%2Fv2%2Fproduct_cat&post=679"},{"taxonomy":"product_tag","embeddable":true,"href":"https:\/\/biosuzcosmetics.shop\/index.php?rest_route=%2Fwp%2Fv2%2Fproduct_tag&post=679"}],"curies":[{"name":"wp","href":"https:\/\/api.w.org\/{rel}","templated":true}]}}